{"id":239,"date":"2017-03-29T19:37:15","date_gmt":"2017-03-29T19:37:15","guid":{"rendered":"http:\/\/brandlog.eu\/?page_id=239"},"modified":"2019-05-14T12:21:33","modified_gmt":"2019-05-14T12:21:33","slug":"impressum","status":"publish","type":"page","link":"https:\/\/brandlog.eu\/en\/impressum","title":{"rendered":"Imprint"},"content":{"rendered":"<p><strong>BRANDLOG GmbH (Branch Office)<\/strong><\/p>\n<p>Globusallee 1<br \/>\n55411 Bingen, Germany<\/p>\n<p>TEL + 49 (0) 6721 \/ 792-551<br \/>\nFAX + 49 (0) 6721 \/ 792-558<\/p>\n<p>E-Mail: info(at)brandlog.de<br \/>\nInternet: <a title=\"BRANDLOG\" href=\"http:\/\/brandlog.de\/undefined\/\">www.brandlog.de<\/a><\/p>\n<p><strong>General Manager:<\/strong><br \/>\nBernd H\u00f6velmann<\/p>\n<p><strong>Commercial Register:<\/strong><br \/>\nMainz\u00a0County Court, HRB\u00a046319<\/p>\n<p><strong>VAT ID No.:<\/strong><\/p>\n<p>DE254544840<\/p>\n<p><strong>Bank Details:<\/strong><br \/>\nSparkasse Fulda, BIC 530 501 80, Account no. 11008448<\/p>\n<p><strong>Haftungshinweis:<\/strong><br \/>\nTrotz sorgf\u00e4ltiger inhaltlicher Kontrolle \u00fcbernehmen wir keine Haftung f\u00fcr die Inhalte externer Links. F\u00fcr den Inhalt der verlinkten Seiten sind ausschlie\u00dflich deren Betreiber verantwortlich.<\/p>\n<p><strong>Hinweis zur Streitbeilegung in Verbraucherangelegenheiten:<\/strong><\/p>\n<p>Plattform der EU-Kommission zur Online-Streitbeilegung: <a href=\"http:\/\/ec.europa.eu\/consumers\/odr\" target=\"_blank\">http:\/\/ec.europa.eu\/consumers\/odr<\/a><br \/>\nWir sind zur Teilnahme an einem Streitbeilegungsverfahren vor einer Verbraucherschlichtungsstelle weder verpflichtet noch bereit.<\/p>\n<p>Datenschutzerkl\u00e4rung:<br \/>\n<a href=\"https:\/\/brandlog.eu\/datenschutz\">Datenschutz<\/a><\/p> ","protected":false},"excerpt":{"rendered":"<p>BRANDLOG GmbH (Branch Office) Globusallee 1 55411 Bingen, Germany TEL + 49 (0) 6721 \/ 792-551 FAX + 49 (0) 6721 \/ 792-558 E-Mail: info(at)brandlog.de Internet: www.brandlog.de General Manager: Bernd H\u00f6velmann Commercial<a class=\"moretag\" href=\"https:\/\/brandlog.eu\/en\/impressum\">Read More&#8230;<\/a><\/p>\n","protected":false},"author":1,"featured_media":0,"parent":0,"menu_order":0,"comment_status":"closed","ping_status":"closed","template":"","meta":{"footnotes":""},"class_list":["post-239","page","type-page","status-publish","hentry"],"_links":{"self":[{"href":"https:\/\/brandlog.eu\/en\/wp-json\/wp\/v2\/pages\/239","targetHints":{"allow":["GET"]}}],"collection":[{"href":"https:\/\/brandlog.eu\/en\/wp-json\/wp\/v2\/pages"}],"about":[{"href":"https:\/\/brandlog.eu\/en\/wp-json\/wp\/v2\/types\/page"}],"author":[{"embeddable":true,"href":"https:\/\/brandlog.eu\/en\/wp-json\/wp\/v2\/users\/1"}],"replies":[{"embeddable":true,"href":"https:\/\/brandlog.eu\/en\/wp-json\/wp\/v2\/comments?post=239"}],"version-history":[{"count":17,"href":"https:\/\/brandlog.eu\/en\/wp-json\/wp\/v2\/pages\/239\/revisions"}],"predecessor-version":[{"id":408,"href":"https:\/\/brandlog.eu\/en\/wp-json\/wp\/v2\/pages\/239\/revisions\/408"}],"wp:attachment":[{"href":"https:\/\/brandlog.eu\/en\/wp-json\/wp\/v2\/media?parent=239"}],"curies":[{"name":"wp","href":"https:\/\/api.w.org\/{rel}","templated":true}]}}