{"id":98,"date":"2017-03-12T14:09:43","date_gmt":"2017-03-12T14:09:43","guid":{"rendered":"http:\/\/brandlog.eu\/?page_id=98"},"modified":"2017-03-12T14:16:54","modified_gmt":"2017-03-12T14:16:54","slug":"philosophie","status":"publish","type":"page","link":"https:\/\/brandlog.eu\/de\/philosophie","title":{"rendered":"Philosophie"},"content":{"rendered":"<p><span style=\"color: #ff0000;\"><strong>Philosophie<\/strong><\/span><\/p>\n<p>Die logistischen Anforderungen von Markenartikelherstellern und deren Kunden an Ihre Logistikdienstleister sind sehr vielseitig. Diesen Anspr\u00fcchen f\u00fchlen wir uns verpflichtet!<\/p>\n<p>Was d\u00fcrfen unsere Kunden von uns erwarten?<\/p>\n<ul>\n<li>Wir ermitteln in pers\u00f6nlichen Gespr\u00e4chen mit den Entscheidern des Kunden dessen W\u00fcnsche und Bed\u00fcrfnisse.<\/li>\n<li>BRANDLOG entwickelt daraus individuelle Logistikkonzepte, die sicherstellen, dass die Anforderungen und W\u00fcnsche des Kunden ber\u00fccksichtigt werden, ohne die wirtschaftlichen Aspekte zu vernachl\u00e4ssigen.<\/li>\n<li>Durch unsere hohen Qualit\u00e4tsstandards und schnellen Entscheidungswege erreichen wir bei unseren Kunden eine hohe Zufriedenheit.<\/li>\n<li>Wir streben stets eine langfristige Zusammenarbeit mit unseren Kunden an, aus der sich enge Partnerschaften entwickeln.<\/li>\n<li>BRANDLOG b\u00fcndelt die St\u00e4rken eines namhaften Mittelstandes ohne die Nachteile einer Konzernstruktur mit langwierigen Entscheidungswegen einzugehen.<\/li>\n<\/ul>\n<p><\/p> ","protected":false},"excerpt":{"rendered":"<p>Philosophie Die logistischen Anforderungen von Markenartikelherstellern und deren Kunden an Ihre Logistikdienstleister sind sehr vielseitig. Diesen Anspr\u00fcchen f\u00fchlen wir uns verpflichtet! Was d\u00fcrfen unsere Kunden von uns erwarten? Wir ermitteln in pers\u00f6nlichen<a class=\"moretag\" href=\"https:\/\/brandlog.eu\/de\/philosophie\">Read More&#8230;<\/a><\/p>\n","protected":false},"author":1,"featured_media":0,"parent":0,"menu_order":0,"comment_status":"closed","ping_status":"closed","template":"","meta":{"footnotes":""},"class_list":["post-98","page","type-page","status-publish","hentry"],"_links":{"self":[{"href":"https:\/\/brandlog.eu\/de\/wp-json\/wp\/v2\/pages\/98","targetHints":{"allow":["GET"]}}],"collection":[{"href":"https:\/\/brandlog.eu\/de\/wp-json\/wp\/v2\/pages"}],"about":[{"href":"https:\/\/brandlog.eu\/de\/wp-json\/wp\/v2\/types\/page"}],"author":[{"embeddable":true,"href":"https:\/\/brandlog.eu\/de\/wp-json\/wp\/v2\/users\/1"}],"replies":[{"embeddable":true,"href":"https:\/\/brandlog.eu\/de\/wp-json\/wp\/v2\/comments?post=98"}],"version-history":[{"count":3,"href":"https:\/\/brandlog.eu\/de\/wp-json\/wp\/v2\/pages\/98\/revisions"}],"predecessor-version":[{"id":102,"href":"https:\/\/brandlog.eu\/de\/wp-json\/wp\/v2\/pages\/98\/revisions\/102"}],"wp:attachment":[{"href":"https:\/\/brandlog.eu\/de\/wp-json\/wp\/v2\/media?parent=98"}],"curies":[{"name":"wp","href":"https:\/\/api.w.org\/{rel}","templated":true}]}}