{"id":69,"date":"2017-03-12T12:46:12","date_gmt":"2017-03-12T12:46:12","guid":{"rendered":"http:\/\/brandlog.eu\/?page_id=69"},"modified":"2017-04-11T09:47:32","modified_gmt":"2017-04-11T09:47:32","slug":"standorte","status":"publish","type":"page","link":"https:\/\/brandlog.eu\/de\/standorte","title":{"rendered":"Standorte"},"content":{"rendered":"<p><strong><span style=\"color: #ff0000;\">Standorte<\/span><\/strong><\/p>\n<p><span style=\"color: #ff0000;\"><strong>Unser Logistiknetzwerk f\u00fcr Ihre Marke!<\/strong><\/span><\/p>\n<p>Aktuell bieten wir Ihnen an 23\u00a0optimal ausgestatteten Standorten unseren umfangreichen und pers\u00f6nlichen Service an, den wir jederzeit Ihren individuellen Bed\u00fcrfnissen anpassen.<br \/>\nBRANDLOG: Unsere \u00fcberregionalen St\u00e4rken f\u00fcr Ihre logistischen Anspr\u00fcche!<\/p>\n<p>&#8212;&#8212;&#8212;&#8212;&#8212;&#8212;&#8212;&#8212;&#8212;&#8212;&#8212;&#8212;&#8212;&#8212;&#8212;&#8212;&#8212;&#8212;&#8212;&#8212;&#8212;&#8212;&#8212;&#8212;&#8212;&#8212;-<\/p>\n<p>Neben der derzeit verst\u00e4rkten \u00fcberregionalen Ausrichtung unserer wachsenden Mittelstands-kooperation auf dem Markt f\u00fcr Teil- und Komplettladungen m\u00f6chten wir uns zuk\u00fcnftig auch auf dem europ\u00e4ischen Ladungsmarkt erfolgreich etablieren.<\/p>\n<p>Dar\u00fcber hinaus sind wir auf der Suche nach weiteren Kooperationspartnern, die uns auf dem europ\u00e4ischen Ladungsmarkt unterst\u00fctzend zur Seite stehen und die Vorteile einer starken Gemeinschaft nutzen m\u00f6chten.<\/p>\n<p>Haben wir Ihr Interesse geweckt? M\u00f6chten Sie ein Teil eines erfolgreichen Ladungsnetzwerkes in Europa sein? Dann z\u00f6gern Sie nicht, uns zu kontaktieren! Gerne besprechen wir mit Ihnen weitere Details.<\/p> ","protected":false},"excerpt":{"rendered":"<p>Standorte Unser Logistiknetzwerk f\u00fcr Ihre Marke! Aktuell bieten wir Ihnen an 23\u00a0optimal ausgestatteten Standorten unseren umfangreichen und pers\u00f6nlichen Service an, den wir jederzeit Ihren individuellen Bed\u00fcrfnissen anpassen. BRANDLOG: Unsere \u00fcberregionalen St\u00e4rken f\u00fcr<a class=\"moretag\" href=\"https:\/\/brandlog.eu\/de\/standorte\">Read More&#8230;<\/a><\/p>\n","protected":false},"author":1,"featured_media":0,"parent":0,"menu_order":0,"comment_status":"closed","ping_status":"closed","template":"","meta":{"footnotes":""},"class_list":["post-69","page","type-page","status-publish","hentry"],"_links":{"self":[{"href":"https:\/\/brandlog.eu\/de\/wp-json\/wp\/v2\/pages\/69","targetHints":{"allow":["GET"]}}],"collection":[{"href":"https:\/\/brandlog.eu\/de\/wp-json\/wp\/v2\/pages"}],"about":[{"href":"https:\/\/brandlog.eu\/de\/wp-json\/wp\/v2\/types\/page"}],"author":[{"embeddable":true,"href":"https:\/\/brandlog.eu\/de\/wp-json\/wp\/v2\/users\/1"}],"replies":[{"embeddable":true,"href":"https:\/\/brandlog.eu\/de\/wp-json\/wp\/v2\/comments?post=69"}],"version-history":[{"count":7,"href":"https:\/\/brandlog.eu\/de\/wp-json\/wp\/v2\/pages\/69\/revisions"}],"predecessor-version":[{"id":275,"href":"https:\/\/brandlog.eu\/de\/wp-json\/wp\/v2\/pages\/69\/revisions\/275"}],"wp:attachment":[{"href":"https:\/\/brandlog.eu\/de\/wp-json\/wp\/v2\/media?parent=69"}],"curies":[{"name":"wp","href":"https:\/\/api.w.org\/{rel}","templated":true}]}}