{"id":4,"date":"2017-03-12T08:52:13","date_gmt":"2017-03-12T08:52:13","guid":{"rendered":"http:\/\/brandlog.eu\/?page_id=4"},"modified":"2025-01-25T12:24:43","modified_gmt":"2025-01-25T12:24:43","slug":"unternehmen","status":"publish","type":"page","link":"https:\/\/brandlog.eu\/de\/","title":{"rendered":"UNTERNEHMEN"},"content":{"rendered":"<p>&nbsp;<\/p>\n<p><span style=\"color: #ff0000;\"><strong>Unternehmen<\/strong><\/span><\/p>\n<p>In wohl keiner anderen Branche haben die Begriffe Flexibilit\u00e4t, Effizienz, Preisstabilit\u00e4t und eine kundenorientierte Ausrichtung aller Logistikbereiche eine h\u00f6here Bedeutung als in der Transportlogistik. Daher h\u00e4ngt der Erfolg eines Logistikdienstleisters vor allem von der logistischen Vernetzung aller Beteiligten ab. Die intelligente Vernetzung der Knotenpunkte bestimmt letztendlich die Leistungsf\u00e4higkeit eines Unternehmens.<\/p>\n<p><span style=\"color: #ff0000;\"><strong>BRANDLOG: Eine starke Kooperation f\u00fcr starke Marken!<\/strong><\/span><\/p>\n<p>Als Mittelstandskooperation bietet BRANDLOG (LOGistics for BRANDed products) seit 2007 seinen umfangreichen Service im Bereich der Teil- und Komplettladungen f\u00fcr Markenartikel an.<\/p>\n<p>BRANDLOG ist ein Zusammenschluss von drei namhaften Logistikunternehmen mit langj\u00e4hriger Erfahrung im Ladungsverkehr.<\/p>\n<p>Durch den Verbund eines starken Mittelstandes sind wir in der Lage einen umfassenden und pers\u00f6nlichen Kundenservice anzubieten, verbunden mit der Reichweite, Infrastruktur und Verf\u00fcgbarkeit einer leistungsstarken Kooperation. Dies er\u00f6ffnet unseren Kunden neue Perspektiven!<\/p>\n<p>Durch die optimale Ausnutzung gemeinsamer Ressourcen erreichen wir eine deutlich bessere Kapazit\u00e4tsauslastung und sind daher auf m\u00f6gliche Ladungsschwankungen gut vorbereitet.<\/p>\n<p>Zuverl\u00e4ssigkeit und Sicherheit von der Abholung bis hin zur Positionierung am Point of Sale garantiert unsere zentrale Disposition. \u00dcber unser l\u00fcckenloses, klar strukturiertes IT-System werden alle Wege Ihrer Supply Chain gesteuert und \u00fcberwacht. Hierbei fungieren wir als zentrales Steuerungselement, welches die Mitarbeiter, die Einrichtungen und die Technik der beteiligten Logistikunternehmen vereint und koordiniert.<\/p>\n<p>Individuelle und innovative Logistikl\u00f6sungen seit 2007!<\/p>\n<p>&nbsp;<\/p> ","protected":false},"excerpt":{"rendered":"<p>&nbsp; Unternehmen In wohl keiner anderen Branche haben die Begriffe Flexibilit\u00e4t, Effizienz, Preisstabilit\u00e4t und eine kundenorientierte Ausrichtung aller Logistikbereiche eine h\u00f6here Bedeutung als in der Transportlogistik. Daher h\u00e4ngt der Erfolg eines Logistikdienstleisters<a class=\"moretag\" href=\"https:\/\/brandlog.eu\/de\/\">Read More&#8230;<\/a><\/p>\n","protected":false},"author":1,"featured_media":0,"parent":0,"menu_order":0,"comment_status":"closed","ping_status":"closed","template":"","meta":{"footnotes":""},"class_list":["post-4","page","type-page","status-publish","hentry"],"_links":{"self":[{"href":"https:\/\/brandlog.eu\/de\/wp-json\/wp\/v2\/pages\/4","targetHints":{"allow":["GET"]}}],"collection":[{"href":"https:\/\/brandlog.eu\/de\/wp-json\/wp\/v2\/pages"}],"about":[{"href":"https:\/\/brandlog.eu\/de\/wp-json\/wp\/v2\/types\/page"}],"author":[{"embeddable":true,"href":"https:\/\/brandlog.eu\/de\/wp-json\/wp\/v2\/users\/1"}],"replies":[{"embeddable":true,"href":"https:\/\/brandlog.eu\/de\/wp-json\/wp\/v2\/comments?post=4"}],"version-history":[{"count":48,"href":"https:\/\/brandlog.eu\/de\/wp-json\/wp\/v2\/pages\/4\/revisions"}],"predecessor-version":[{"id":541,"href":"https:\/\/brandlog.eu\/de\/wp-json\/wp\/v2\/pages\/4\/revisions\/541"}],"wp:attachment":[{"href":"https:\/\/brandlog.eu\/de\/wp-json\/wp\/v2\/media?parent=4"}],"curies":[{"name":"wp","href":"https:\/\/api.w.org\/{rel}","templated":true}]}}