{"id":349,"date":"2018-08-24T13:16:04","date_gmt":"2018-08-24T13:16:04","guid":{"rendered":"http:\/\/brandlog.eu\/?page_id=349"},"modified":"2026-03-11T14:22:57","modified_gmt":"2026-03-11T14:22:57","slug":"datenschutz","status":"publish","type":"page","link":"https:\/\/brandlog.eu\/de\/datenschutz","title":{"rendered":"Datenschutz"},"content":{"rendered":"<p><strong>Datenschutzerkl\u00e4rung: Verantwortlich im Sinne der Datenschutzgesetze, insbesondere der EU-Datenschutzgrundverordnung (DSGVO), ist:<\/strong><br \/>\n<strong>BRANDLOG GmbH (Niederlassung)<\/strong><\/p>\n<p>Globusallee 1<br \/>\n55411 Bingen<\/p>\n<p>TEL + 49 (0) 6721 \/ 792-553<br \/>\nFAX + 49 (0) 6721 \/ 792-558<\/p>\n<p>E-Mail: info@brandlog.de<br \/>\nInternet: <a title=\"BRANDLOG\" href=\"http:\/\/brandlog.de\/\">www.brandlog.<\/a>eu<\/p>\n<p><strong>Gesch\u00e4ftsf\u00fchrer:<\/strong><br \/>\nBernd H\u00f6velmann<\/p>\n<p>Diese Datenschutzerkl\u00e4rung kl\u00e4rt \u00fcber Art, Umfang und Zweck der Erhebung und Verwendung von Daten der Besucher\/Nutzer durch den Anbieter als datenschutzrechtlich Verantwortlichen auf. Bei Fragen zum Datenschutz erreichen Sie uns werktags zu den \u00fcblichen Gesch\u00e4ftszeiten.<\/p>\n<p>Wir freuen uns \u00fcber Ihr Interesse an unserer Website. Der Schutz Ihrer personenbezogenen Daten bei der Erhebung, Verarbeitung und Nutzung anl\u00e4sslich Ihres Besuchs auf unserer Website ist uns ein wichtiges Anliegen. Die Nutzung unserer Webseite ist in der Regel ohne Angabe personenbezogener Daten m\u00f6glich<\/p>\n<p><strong>Personenbezogene Daten<\/strong><\/p>\n<p>Personenbezogene Daten sind Informationen, die dazu genutzt werden k\u00f6nnen, Ihre Identit\u00e4t zu erfahren. Darunter fallen Ihr Name, die Adresse, Postanschrift und Telefonnummer. Informationen, die nicht mit Ihrer Identit\u00e4t in Verbindung gebracht werden (wie zum Beispiel die Anzahl der Nutzer einer Internetseite), geh\u00f6ren nicht dazu. Sie k\u00f6nnen unser Online-Angebot grunds\u00e4tzlich ohne Offenlegung Ihrer Identit\u00e4t nutzen.<\/p>\n<p><strong>Weitergabe personenbezogener Daten an Dritte<\/strong><\/p>\n<p>Wir verwenden Ihre personenbezogenen Informationen nur zur Beantwortung Ihrer Anfragen. Wir geben die Daten nicht ohne Ihre Einwilligung an Dritte weiter. Soweit wir gesetzlich oder per Gerichtsbeschluss dazu verpflichtet sind, werden wir Ihre Daten an auskunftsberechtigte Stellen \u00fcbermitteln.<br \/>\nServer-Log-Files<\/p>\n<p>Der Provider der Seiten erhebt und speichert automatisch Informationen in so genannten Server-Log Files, die Ihr Browser automatisch an uns \u00fcbermittelt.<\/p>\n<p>Bei der Nutzung unserer Internetseiten werden aus organisatorischen und technischen Gr\u00fcnden folgende Daten gespeichert: die Namen der aufgerufenen Seiten des verwendeten Browsers und des Betriebssystems, Datum und Uhrzeit des Zugangs, verwendete Suchmaschinen, Namen heruntergeladener Dateien und ihre IP-Adresse. Wir werten diese technischen Daten anonym und lediglich zu statistischen Zwecken aus, um unseren Internetauftritt st\u00e4ndig weiter zu optimieren und unsere Internetangebote noch attraktiver gestalten zu k\u00f6nnen. Diese anonymen Daten werden getrennt von personenbezogenen Informationen auf gesicherten Systemen gespeichert und lassen keine R\u00fcckschl\u00fcsse auf eine individuelle Person zu. Ihre personenbezogenen Daten und Ihre Privatsph\u00e4re sind jederzeit gesch\u00fctzt.<\/p>\n<p><strong>Einsatz von Cookies<\/strong><\/p>\n<p>Bei Internet-Cookies handelt es sich um kleine Datenpakete, die von Ihrem Browser auf dem Festplattenlaufwerk Ihres Computers gespeichert werden. Wir verwenden auf unserer Website Cookies. Solche Cookies sind notwendig, damit Sie sich auf der Website frei bewegen und deren Features nutzen k\u00f6nnen; hierzu geh\u00f6rt u. a. auch der Zugriff auf gesicherte Bereiche der Website. Cookies sind auch f\u00fcr die Funktion des Warenkorbs bei Shop-Bestellungen aus technischen Gr\u00fcnden notwendig. Die meisten Browser sind so eingestellt, dass sie Cookies automatisch akzeptieren. Sie k\u00f6nnen das Speichern von Cookies jedoch deaktivieren oder Ihren Browser so einstellen, dass er Sie benachrichtigt, sobald Cookies gesendet werden.<\/p>\n<p><strong>Minderj\u00e4hrigenschutz<\/strong><\/p>\n<p>Kinder und Personen unter 18 Jahren sollten ohne Zustimmung der Eltern oder Erziehungsberechtigten keine personenbezogenen Daten an uns \u00fcbermitteln.<\/p>\n<p><strong>Links zu anderen Websites<\/strong><\/p>\n<p>Unser Online-Angebot enth\u00e4lt Links zu anderen Websites. Wir haben keinen Einfluss darauf, inwieweit deren Betreiber die Datenschutzbestimmungen einhalten.<\/p>\n<p><strong>Rechte und Kontakt<\/strong><\/p>\n<p>Sie haben ein Recht auf unentgeltliche Auskunft \u00fcber Ihre gespeicherten Daten sowie ggf. ein Recht auf Berichtigung, Sperrung oder L\u00f6schung dieser Daten. Wenn Sie weitere Fragen zur Erhebung, Verarbeitung oder Nutzung Ihrer personenbezogenen Daten haben, kontaktieren Sie uns bitte. Die Kontaktadresse finden Sie im Impressum.<\/p>\n ","protected":false},"excerpt":{"rendered":"<p>Datenschutzerkl\u00e4rung: Verantwortlich im Sinne der Datenschutzgesetze, insbesondere der EU-Datenschutzgrundverordnung (DSGVO), ist: BRANDLOG GmbH (Niederlassung) Globusallee 1 55411 Bingen TEL + 49 (0) 6721 \/ 792-553 FAX + 49 (0) 6721 \/ 792-558<a class=\"moretag\" href=\"https:\/\/brandlog.eu\/de\/datenschutz\">Read More&#8230;<\/a><\/p>\n","protected":false},"author":1,"featured_media":0,"parent":0,"menu_order":0,"comment_status":"closed","ping_status":"closed","template":"","meta":{"footnotes":""},"class_list":["post-349","page","type-page","status-publish","hentry"],"_links":{"self":[{"href":"https:\/\/brandlog.eu\/de\/wp-json\/wp\/v2\/pages\/349","targetHints":{"allow":["GET"]}}],"collection":[{"href":"https:\/\/brandlog.eu\/de\/wp-json\/wp\/v2\/pages"}],"about":[{"href":"https:\/\/brandlog.eu\/de\/wp-json\/wp\/v2\/types\/page"}],"author":[{"embeddable":true,"href":"https:\/\/brandlog.eu\/de\/wp-json\/wp\/v2\/users\/1"}],"replies":[{"embeddable":true,"href":"https:\/\/brandlog.eu\/de\/wp-json\/wp\/v2\/comments?post=349"}],"version-history":[{"count":8,"href":"https:\/\/brandlog.eu\/de\/wp-json\/wp\/v2\/pages\/349\/revisions"}],"predecessor-version":[{"id":557,"href":"https:\/\/brandlog.eu\/de\/wp-json\/wp\/v2\/pages\/349\/revisions\/557"}],"wp:attachment":[{"href":"https:\/\/brandlog.eu\/de\/wp-json\/wp\/v2\/media?parent=349"}],"curies":[{"name":"wp","href":"https:\/\/api.w.org\/{rel}","templated":true}]}}