{"id":26,"date":"2017-03-12T09:14:23","date_gmt":"2017-03-12T09:14:23","guid":{"rendered":"http:\/\/brandlog.eu\/?page_id=26"},"modified":"2017-03-29T19:15:00","modified_gmt":"2017-03-29T19:15:00","slug":"karriere","status":"publish","type":"page","link":"https:\/\/brandlog.eu\/de\/karriere","title":{"rendered":"KARRIERE"},"content":{"rendered":"<p><span style=\"color: #ff0000;\"><strong>Karriere<\/strong><\/span><\/p>\n<p>Der deutsche Markt f\u00fcr Konsumg\u00fcterlogistik nimmt heute in einer hoch spezialisierten Volkswirtschaft eine zentrale Rolle ein. In keinem anderen vergleichbar gro\u00dfen Land existieren fl\u00e4chendeckende Logistiknetze, die eine Belieferung innerhalb von 24 Stunden erm\u00f6glichen. Daher bietet der Konsumg\u00fcterlogistikmarkt eine stabile Grundlage f\u00fcr die Gr\u00fcndung einer Mittelstandskooperation.<\/p>\n<p>Auch weiterhin wird die Logistik-Branche in den kommenden Jahren zu den wachsenden Sparten der deutschen Wirtschaft geh\u00f6ren. Diese Entwicklung m\u00f6chten wir aktiv mitgestalten.<br \/>\nUnsere Gesellschafter sind immer auf der Suche nach hochmotivierten Mitarbeitern, die Ihren beruflichen Erfolg in der Logistikbranche sehen.<\/p>\n<p>Der Mensch steht im Mittelpunkt unserer t\u00e4glichen Arbeit! Neben zahlreichen Aus- und Weiterbildungsma\u00dfnahmen m\u00f6chten wir unseren Mitarbeitern beste Entwicklungsm\u00f6glichkeiten und faszinierende Perspektiven in allen Gesch\u00e4ftsbereichen bieten.<\/p>\n<p>Haben wir Ihr Interesse geweckt? Dann besuchen Sie unser <a href=\"http:\/\/brandlog.eu\/jobs\"><span style=\"color: #ff0000;\"><strong>Jobseite<\/strong><\/span><\/a>.<\/p> ","protected":false},"excerpt":{"rendered":"<p>Karriere Der deutsche Markt f\u00fcr Konsumg\u00fcterlogistik nimmt heute in einer hoch spezialisierten Volkswirtschaft eine zentrale Rolle ein. In keinem anderen vergleichbar gro\u00dfen Land existieren fl\u00e4chendeckende Logistiknetze, die eine Belieferung innerhalb von 24<a class=\"moretag\" href=\"https:\/\/brandlog.eu\/de\/karriere\">Read More&#8230;<\/a><\/p>\n","protected":false},"author":1,"featured_media":0,"parent":0,"menu_order":4,"comment_status":"closed","ping_status":"closed","template":"","meta":{"footnotes":""},"class_list":["post-26","page","type-page","status-publish","hentry"],"_links":{"self":[{"href":"https:\/\/brandlog.eu\/de\/wp-json\/wp\/v2\/pages\/26","targetHints":{"allow":["GET"]}}],"collection":[{"href":"https:\/\/brandlog.eu\/de\/wp-json\/wp\/v2\/pages"}],"about":[{"href":"https:\/\/brandlog.eu\/de\/wp-json\/wp\/v2\/types\/page"}],"author":[{"embeddable":true,"href":"https:\/\/brandlog.eu\/de\/wp-json\/wp\/v2\/users\/1"}],"replies":[{"embeddable":true,"href":"https:\/\/brandlog.eu\/de\/wp-json\/wp\/v2\/comments?post=26"}],"version-history":[{"count":5,"href":"https:\/\/brandlog.eu\/de\/wp-json\/wp\/v2\/pages\/26\/revisions"}],"predecessor-version":[{"id":234,"href":"https:\/\/brandlog.eu\/de\/wp-json\/wp\/v2\/pages\/26\/revisions\/234"}],"wp:attachment":[{"href":"https:\/\/brandlog.eu\/de\/wp-json\/wp\/v2\/media?parent=26"}],"curies":[{"name":"wp","href":"https:\/\/api.w.org\/{rel}","templated":true}]}}