{"id":235,"date":"2017-03-29T19:26:59","date_gmt":"2017-03-29T19:26:59","guid":{"rendered":"http:\/\/brandlog.eu\/?page_id=235"},"modified":"2020-07-09T07:38:05","modified_gmt":"2020-07-09T07:38:05","slug":"zertifizierung","status":"publish","type":"page","link":"https:\/\/brandlog.eu\/de\/zertifizierung","title":{"rendered":"Zertifizierung"},"content":{"rendered":"<p><strong><span style=\"color: #ff0000;\">Zertifizierung nach IFS Logistic Standard<\/span><\/strong><\/p>\n<p>Seit August 2010 ist die Mittelstandskooperation BRANDLOG GmbH nach den Anforderungen des IFS Logistic Standards zertifiziert.<\/p>\n<p>Der IFS Logistic Standard ist speziell auf alle Unternehmen ausgerichtet, die Lebensmittel entsprechend den Kundenanforderungen vertreiben, lagern und\/oder transportieren. Der Standard erm\u00f6glicht uns eine wesentlich bessere Transparenz innerhalb der gesamten Lieferkette, was letztendlich zur Produktsicherheit beitr\u00e4gt und dem Schutz der Endverbraucher dient. Mit einer Zertifizierung nach IFS Logistic wird BRANDLOG nicht nur den Anforderungen der Gesetzgebung gerecht, sondern auch den Verbraucherw\u00fcnschen in Bezug auf die Nachhaltigkeit in der gesamten Lieferkette.<\/p>\n<p>Mit der Erf\u00fcllung der Anforderungen des IFS Logistic Standards sind wir in der Lage, die Anspr\u00fcche unserer Kunden zu erf\u00fcllen und ihnen mehr Qualit\u00e4t, Sicherheit und Umweltschutz zu bieten.<\/p>\n<p><a href=\"https:\/\/brandlog.eu\/wp-content\/uploads\/2017\/03\/Xerox-WorkCentre-7535-Brandlog-GmbH-.jpg\"><img loading=\"lazy\" decoding=\"async\" class=\"alignnone wp-image-418 size-medium\" src=\"https:\/\/brandlog.eu\/wp-content\/uploads\/2017\/03\/Xerox-WorkCentre-7535-Brandlog-GmbH--212x300.jpg\" width=\"212\" height=\"300\" srcset=\"https:\/\/brandlog.eu\/wp-content\/uploads\/2017\/03\/Xerox-WorkCentre-7535-Brandlog-GmbH--212x300.jpg 212w, https:\/\/brandlog.eu\/wp-content\/uploads\/2017\/03\/Xerox-WorkCentre-7535-Brandlog-GmbH-.jpg 596w\" sizes=\"auto, (max-width: 212px) 100vw, 212px\" \/><\/a><\/p> ","protected":false},"excerpt":{"rendered":"<p>Zertifizierung nach IFS Logistic Standard Seit August 2010 ist die Mittelstandskooperation BRANDLOG GmbH nach den Anforderungen des IFS Logistic Standards zertifiziert. Der IFS Logistic Standard ist speziell auf alle Unternehmen ausgerichtet, die<a class=\"moretag\" href=\"https:\/\/brandlog.eu\/de\/zertifizierung\">Read More&#8230;<\/a><\/p>\n","protected":false},"author":1,"featured_media":0,"parent":0,"menu_order":0,"comment_status":"closed","ping_status":"closed","template":"","meta":{"footnotes":""},"class_list":["post-235","page","type-page","status-publish","hentry"],"_links":{"self":[{"href":"https:\/\/brandlog.eu\/de\/wp-json\/wp\/v2\/pages\/235","targetHints":{"allow":["GET"]}}],"collection":[{"href":"https:\/\/brandlog.eu\/de\/wp-json\/wp\/v2\/pages"}],"about":[{"href":"https:\/\/brandlog.eu\/de\/wp-json\/wp\/v2\/types\/page"}],"author":[{"embeddable":true,"href":"https:\/\/brandlog.eu\/de\/wp-json\/wp\/v2\/users\/1"}],"replies":[{"embeddable":true,"href":"https:\/\/brandlog.eu\/de\/wp-json\/wp\/v2\/comments?post=235"}],"version-history":[{"count":27,"href":"https:\/\/brandlog.eu\/de\/wp-json\/wp\/v2\/pages\/235\/revisions"}],"predecessor-version":[{"id":471,"href":"https:\/\/brandlog.eu\/de\/wp-json\/wp\/v2\/pages\/235\/revisions\/471"}],"wp:attachment":[{"href":"https:\/\/brandlog.eu\/de\/wp-json\/wp\/v2\/media?parent=235"}],"curies":[{"name":"wp","href":"https:\/\/api.w.org\/{rel}","templated":true}]}}