{"id":226,"date":"2017-03-29T18:57:35","date_gmt":"2017-03-29T18:57:35","guid":{"rendered":"http:\/\/brandlog.eu\/?page_id=226"},"modified":"2025-10-23T07:40:19","modified_gmt":"2025-10-23T07:40:19","slug":"jobs","status":"publish","type":"page","link":"https:\/\/brandlog.eu\/de\/jobs","title":{"rendered":"Stellenangebote"},"content":{"rendered":"<p><strong><span style=\"color: #ff0000;\">Stellenangebote<\/span><\/strong><br \/>\nArbeiten in einem mittelst\u00e4ndischen Unternehmen<\/p>\n<p><b><span style=\"background: white; color: black; font-family: 'Arial',sans-serif; font-size: 9pt;\">Wir suchen ab sofort eine Aushilfe als Rangierfahrer\/in Berufskraftfahrer\/in)<\/span><\/b><b> <\/b><\/p>\n<p><b><u>Stellenbeschreibung:<\/u><\/b><br \/>\n-Rangieren von Aufliegern auf dem Betriebsgel\u00e4nde<br \/>\n-\u00dcberpr\u00fcfung der Ladeeinheiten auf Verunreinigungen<br \/>\n-Beladene Ladeeinheiten f\u00fcr die \u00dcbernahme bereitstellen<br \/>\n-\u00dcberwachung der Temperatur an den K\u00fchlaufliegern<\/p>\n<p><b><u>Anforderungen an den Bewerber:<\/u><\/b><br \/>\n-F\u00fchrerschein der Klasse C\/CE<br \/>\n-sicheres Deutsch in Wort und Schrift<br \/>\n&#8211; Zuverl\u00e4ssiges und sorgf\u00e4ltiges Arbeiten.<\/p>\n<p><span style=\"color: black; font-family: 'Arial',sans-serif; font-size: 9pt;\"><span style=\"background: white; color: black; font-family: 'Arial',sans-serif; font-size: 9pt;\">\u00a0<b><u><span style=\"background: white; color: black; font-family: 'Arial',sans-serif; font-size: 9pt;\">Wir bieten:\u00a0<\/span><\/u><\/b><\/span><\/span><\/p>\n<p><span style=\"background: white; color: black; font-family: 'Arial',sans-serif; font-size: 9pt;\">Eine leistungsgerechte Verg\u00fctung und ein motiviertes Team.<\/span><\/p>\n<p><span style=\"background: white; color: black; font-family: 'Arial',sans-serif; font-size: 9pt;\"> Ansprechpartner: Danche Velevska TEL +49 (0) 6721 \/ 792-556<br \/>\n<\/span><\/p>\n<p><span style=\"color: #000000; font-family: Calibri; font-size: 8pt;\">\u00a0<\/span><\/p>\n<p>Die BRANDLOG-Gesellschafter freuen sich immer \u00fcber motivierte neue Mitarbeiter. Schauen Sie sich um und pr\u00fcfen Sie unsere zahlreichen Stellenangebote!<\/p>\n<ul>\n<li><a href=\"https:\/\/hoevelmann-logistik.de\/stellenangebote\/\"><strong>Stellenangebote Spedition\u00a0H\u00f6velmann<\/strong><\/a><\/li>\n<li><a href=\"https:\/\/offergeld.career.softgarden.de\/\" target=\"_blank\" rel=\"noopener\"><strong>Stellenangebote Spedition Offergeld<\/strong><\/a><\/li>\n<li><strong><a href=\"https:\/\/www.greilmeier.de\/karriere\" target=\"_blank\" rel=\"noopener\">Stellenangebote Spedition Greilmeier<\/a><\/strong><\/li>\n<\/ul>\n<p>&nbsp;<\/p>\n<p>Wir freuen uns auf Ihre Bewerbung!<\/p> ","protected":false},"excerpt":{"rendered":"<p>Stellenangebote Arbeiten in einem mittelst\u00e4ndischen Unternehmen Wir suchen ab sofort eine Aushilfe als Rangierfahrer\/in Berufskraftfahrer\/in) Stellenbeschreibung: -Rangieren von Aufliegern auf dem Betriebsgel\u00e4nde -\u00dcberpr\u00fcfung der Ladeeinheiten auf Verunreinigungen -Beladene Ladeeinheiten f\u00fcr die \u00dcbernahme<a class=\"moretag\" href=\"https:\/\/brandlog.eu\/de\/jobs\">Read More&#8230;<\/a><\/p>\n","protected":false},"author":1,"featured_media":0,"parent":0,"menu_order":0,"comment_status":"closed","ping_status":"closed","template":"","meta":{"footnotes":""},"class_list":["post-226","page","type-page","status-publish","hentry"],"_links":{"self":[{"href":"https:\/\/brandlog.eu\/de\/wp-json\/wp\/v2\/pages\/226","targetHints":{"allow":["GET"]}}],"collection":[{"href":"https:\/\/brandlog.eu\/de\/wp-json\/wp\/v2\/pages"}],"about":[{"href":"https:\/\/brandlog.eu\/de\/wp-json\/wp\/v2\/types\/page"}],"author":[{"embeddable":true,"href":"https:\/\/brandlog.eu\/de\/wp-json\/wp\/v2\/users\/1"}],"replies":[{"embeddable":true,"href":"https:\/\/brandlog.eu\/de\/wp-json\/wp\/v2\/comments?post=226"}],"version-history":[{"count":31,"href":"https:\/\/brandlog.eu\/de\/wp-json\/wp\/v2\/pages\/226\/revisions"}],"predecessor-version":[{"id":551,"href":"https:\/\/brandlog.eu\/de\/wp-json\/wp\/v2\/pages\/226\/revisions\/551"}],"wp:attachment":[{"href":"https:\/\/brandlog.eu\/de\/wp-json\/wp\/v2\/media?parent=226"}],"curies":[{"name":"wp","href":"https:\/\/api.w.org\/{rel}","templated":true}]}}