{"id":21,"date":"2017-03-12T09:09:41","date_gmt":"2017-03-12T09:09:41","guid":{"rendered":"http:\/\/brandlog.eu\/?page_id=21"},"modified":"2017-03-27T17:57:38","modified_gmt":"2017-03-27T17:57:38","slug":"leistungen","status":"publish","type":"page","link":"https:\/\/brandlog.eu\/de\/leistungen","title":{"rendered":"LEISTUNGEN"},"content":{"rendered":"<p><strong><span style=\"color: #ff0000;\">Leistungen<\/span><\/strong><\/p>\n<p>Unsere Qualit\u00e4t f\u00fcr Ihren Erfolg &#8211; wir machen uns stark f\u00fcr Sie!<\/p>\n<p>Kundenorientierung und die Leidenschaft f\u00fcr den Transport von Marken- und Konsumg\u00fcterartikeln machen uns zu einem flexiblen und intelligenten Spezialisten f\u00fcr Ihre logistischen Anforderungen auf dem Markt der Teil- und Komplettladungen.<\/p>\n<p>Feste Vertragspartner mit einem umfangreichen eigenen Fuhrpark und ein fl\u00e4chendeckendes nationales Logistiknetz b\u00fcrgen f\u00fcr ein gleichbleibendes hohes Leistungsniveau. Wir setzen uns hohe Qualit\u00e4tsma\u00dfst\u00e4be in allen Bereichen, um Ihnen den bestm\u00f6glichsten Service zu bieten.<\/p>\n<p>F\u00fcr Sie steuern wir die gesamte Lieferkette: von der Produktionsst\u00e4tte bis hin zur optimalen Positionierung am Point of Sale.<\/p>\n<p>Wir entwickeln f\u00fcr Sie individuelle L\u00f6sungen &#8211; sprechen Sie uns an! Wir verleihen Ihrer Marke einen geb\u00fchrenden Auftritt.<\/p> ","protected":false},"excerpt":{"rendered":"<p>Leistungen Unsere Qualit\u00e4t f\u00fcr Ihren Erfolg &#8211; wir machen uns stark f\u00fcr Sie! Kundenorientierung und die Leidenschaft f\u00fcr den Transport von Marken- und Konsumg\u00fcterartikeln machen uns zu einem flexiblen und intelligenten Spezialisten<a class=\"moretag\" href=\"https:\/\/brandlog.eu\/de\/leistungen\">Read More&#8230;<\/a><\/p>\n","protected":false},"author":1,"featured_media":0,"parent":0,"menu_order":2,"comment_status":"closed","ping_status":"closed","template":"","meta":{"footnotes":""},"class_list":["post-21","page","type-page","status-publish","hentry"],"_links":{"self":[{"href":"https:\/\/brandlog.eu\/de\/wp-json\/wp\/v2\/pages\/21","targetHints":{"allow":["GET"]}}],"collection":[{"href":"https:\/\/brandlog.eu\/de\/wp-json\/wp\/v2\/pages"}],"about":[{"href":"https:\/\/brandlog.eu\/de\/wp-json\/wp\/v2\/types\/page"}],"author":[{"embeddable":true,"href":"https:\/\/brandlog.eu\/de\/wp-json\/wp\/v2\/users\/1"}],"replies":[{"embeddable":true,"href":"https:\/\/brandlog.eu\/de\/wp-json\/wp\/v2\/comments?post=21"}],"version-history":[{"count":3,"href":"https:\/\/brandlog.eu\/de\/wp-json\/wp\/v2\/pages\/21\/revisions"}],"predecessor-version":[{"id":141,"href":"https:\/\/brandlog.eu\/de\/wp-json\/wp\/v2\/pages\/21\/revisions\/141"}],"wp:attachment":[{"href":"https:\/\/brandlog.eu\/de\/wp-json\/wp\/v2\/media?parent=21"}],"curies":[{"name":"wp","href":"https:\/\/api.w.org\/{rel}","templated":true}]}}