{"id":169,"date":"2017-03-28T06:30:27","date_gmt":"2017-03-28T06:30:27","guid":{"rendered":"http:\/\/brandlog.eu\/?page_id=169"},"modified":"2017-03-28T07:13:59","modified_gmt":"2017-03-28T07:13:59","slug":"ihre-vorteile","status":"publish","type":"page","link":"https:\/\/brandlog.eu\/de\/ihre-vorteile","title":{"rendered":"Ihre Vorteile"},"content":{"rendered":"<p><span style=\"color: #ff0000;\"><strong>Ihre Vorteile \u2013 Unser Service<\/strong><\/span><\/p>\n<ul>\n<li><strong>BRANDLOG<\/strong> vereinigt einen starken Mittelstand ohne die Nachteile einer Konzernstruktur.<\/li>\n<li><strong>BRANDLOG<\/strong> verbindet die Flexibilit\u00e4t und Marktn\u00e4he eines regionalen Anbieters mit der Leistungsf\u00e4higkeit eines fl\u00e4chendeckenden Netzwerkes.<\/li>\n<li><strong>BRANDLOG<\/strong> bietet umfassendes Know-how und langj\u00e4hrige Erfahrung im Bereich Markenlogistik.<\/li>\n<li><strong>BRANDLOG<\/strong> bietet beste Konditionen im kostenintensiven Teil- und Komplettladungsmarkt.<\/li>\n<li><strong>BRANDLOG<\/strong> sorgt durch den vorwiegend eigenen Fuhrpark seiner Gesellschafter f\u00fcr jederzeit verf\u00fcgbare Transportkapazit\u00e4ten, auch bei saisonal bedingten Engp\u00e4ssen, damit Ihre Markenprodukte immer zur richtigen Zeit am richtigen Ort verf\u00fcgbar sind.<\/li>\n<li><strong>BRANDLOG<\/strong> bietet Ihnen eine effiziente IT-Anbindung, damit Sie immer wissen, wo sich Ihre Ware befindet.<\/li>\n<li><strong>BRANDLOG<\/strong> bietet Ihnen die Sicherheit der perfekten Transport- und Logistikabwicklung, damit Sie sich auf das Kerngesch\u00e4ft konzentrieren k\u00f6nnen.<\/li>\n<li><strong>BRANDLOG<\/strong> tr\u00e4gt dazu bei, dass Sie durch die stetige Verf\u00fcgbarkeit Ihrer Produkte am Point of Sale Ihre Umsatz- und Renditeziele erreichen.<\/li>\n<li><strong>BRANDLOG<\/strong> arbeitet nach dem Prinzip \u201eOne face to the Customer\u201c.<\/li>\n<\/ul>\n<p><\/p> ","protected":false},"excerpt":{"rendered":"<p>Ihre Vorteile \u2013 Unser Service BRANDLOG vereinigt einen starken Mittelstand ohne die Nachteile einer Konzernstruktur. BRANDLOG verbindet die Flexibilit\u00e4t und Marktn\u00e4he eines regionalen Anbieters mit der Leistungsf\u00e4higkeit eines fl\u00e4chendeckenden Netzwerkes. BRANDLOG bietet<a class=\"moretag\" href=\"https:\/\/brandlog.eu\/de\/ihre-vorteile\">Read More&#8230;<\/a><\/p>\n","protected":false},"author":1,"featured_media":0,"parent":0,"menu_order":0,"comment_status":"closed","ping_status":"closed","template":"","meta":{"footnotes":""},"class_list":["post-169","page","type-page","status-publish","hentry"],"_links":{"self":[{"href":"https:\/\/brandlog.eu\/de\/wp-json\/wp\/v2\/pages\/169","targetHints":{"allow":["GET"]}}],"collection":[{"href":"https:\/\/brandlog.eu\/de\/wp-json\/wp\/v2\/pages"}],"about":[{"href":"https:\/\/brandlog.eu\/de\/wp-json\/wp\/v2\/types\/page"}],"author":[{"embeddable":true,"href":"https:\/\/brandlog.eu\/de\/wp-json\/wp\/v2\/users\/1"}],"replies":[{"embeddable":true,"href":"https:\/\/brandlog.eu\/de\/wp-json\/wp\/v2\/comments?post=169"}],"version-history":[{"count":2,"href":"https:\/\/brandlog.eu\/de\/wp-json\/wp\/v2\/pages\/169\/revisions"}],"predecessor-version":[{"id":171,"href":"https:\/\/brandlog.eu\/de\/wp-json\/wp\/v2\/pages\/169\/revisions\/171"}],"wp:attachment":[{"href":"https:\/\/brandlog.eu\/de\/wp-json\/wp\/v2\/media?parent=169"}],"curies":[{"name":"wp","href":"https:\/\/api.w.org\/{rel}","templated":true}]}}