{"id":165,"date":"2017-03-28T06:23:06","date_gmt":"2017-03-28T06:23:06","guid":{"rendered":"http:\/\/brandlog.eu\/?page_id=165"},"modified":"2017-03-28T06:24:28","modified_gmt":"2017-03-28T06:24:28","slug":"kontraktlogistik","status":"publish","type":"page","link":"https:\/\/brandlog.eu\/de\/kontraktlogistik","title":{"rendered":"Kontraktlogistik"},"content":{"rendered":"<p><span style=\"color: #ff0000;\"><strong>Kontraktlogistik<\/strong><\/span><\/p>\n<p>Der Name BRANDLOG steht f\u00fcr individuelle Logistikl\u00f6sungen, die exakt auf die Anforderungen jedes einzelnen Kunden abgestimmt werden. Zielgerichtet setzen wir dabei das gesamte Leistungsportfolio der BRANDLOG-Kooperation ein und f\u00fcgen unsere logistischen Einzelbausteine zu einer Ideall\u00f6sung zusammen. Hierbei \u00fcbernehmen wir f\u00fcr Sie alle logistischen und logistiknahen Aufgaben entlang Ihrer Wertsch\u00f6pfungskette.<br \/>\nNach einer detaillierten Analyse Ihrer kundenspezifischen Rahmenbedingungen und Anforderungen erhalten Sie ein ma\u00dfgeschneidertes Logistikpaket. Somit k\u00f6nnen Sie sich auf Ihr Kerngesch\u00e4ft konzentrieren.<\/p>\n<p>Von der Planung bis hin zur Realisierung von nationalen und internationalen Projekten stehen wir Ihnen mit unseren erfahrenen Kooperationspartnern als flexibler, dynamischer und kreativer Partner unterst\u00fctzend zur Seite.<\/p> ","protected":false},"excerpt":{"rendered":"<p>Kontraktlogistik Der Name BRANDLOG steht f\u00fcr individuelle Logistikl\u00f6sungen, die exakt auf die Anforderungen jedes einzelnen Kunden abgestimmt werden. Zielgerichtet setzen wir dabei das gesamte Leistungsportfolio der BRANDLOG-Kooperation ein und f\u00fcgen unsere logistischen<a class=\"moretag\" href=\"https:\/\/brandlog.eu\/de\/kontraktlogistik\">Read More&#8230;<\/a><\/p>\n","protected":false},"author":1,"featured_media":0,"parent":0,"menu_order":0,"comment_status":"closed","ping_status":"closed","template":"","meta":{"footnotes":""},"class_list":["post-165","page","type-page","status-publish","hentry"],"_links":{"self":[{"href":"https:\/\/brandlog.eu\/de\/wp-json\/wp\/v2\/pages\/165","targetHints":{"allow":["GET"]}}],"collection":[{"href":"https:\/\/brandlog.eu\/de\/wp-json\/wp\/v2\/pages"}],"about":[{"href":"https:\/\/brandlog.eu\/de\/wp-json\/wp\/v2\/types\/page"}],"author":[{"embeddable":true,"href":"https:\/\/brandlog.eu\/de\/wp-json\/wp\/v2\/users\/1"}],"replies":[{"embeddable":true,"href":"https:\/\/brandlog.eu\/de\/wp-json\/wp\/v2\/comments?post=165"}],"version-history":[{"count":2,"href":"https:\/\/brandlog.eu\/de\/wp-json\/wp\/v2\/pages\/165\/revisions"}],"predecessor-version":[{"id":167,"href":"https:\/\/brandlog.eu\/de\/wp-json\/wp\/v2\/pages\/165\/revisions\/167"}],"wp:attachment":[{"href":"https:\/\/brandlog.eu\/de\/wp-json\/wp\/v2\/media?parent=165"}],"curies":[{"name":"wp","href":"https:\/\/api.w.org\/{rel}","templated":true}]}}