{"id":160,"date":"2017-03-27T18:48:55","date_gmt":"2017-03-27T18:48:55","guid":{"rendered":"http:\/\/brandlog.eu\/?page_id=160"},"modified":"2017-03-27T18:51:07","modified_gmt":"2017-03-27T18:51:07","slug":"warehousing","status":"publish","type":"page","link":"https:\/\/brandlog.eu\/de\/warehousing","title":{"rendered":"Warehousing"},"content":{"rendered":"<p><strong><span style=\"color: #ff0000;\">Warehousing<\/span><\/strong><\/p>\n<p>Neben unserem Kerngesch\u00e4ft, der Distribution von Markenprodukten, bieten wir unseren Kunden zus\u00e4tzliche Serviceleistungen im Bereich der Lagerhaltung an.<\/p>\n<p>Durch die zahlreichen und optimal ausgestatteten Logistikstandorte unserer Gesellschafter sind wir in der Lage, kurzfristig auf Ihre Bed\u00fcrfnisse und Anforderungen einzugehen. Anhand vordefinierter Kriterien k\u00f6nnen wir Ihnen diverse Lagerm\u00f6glichkeiten anbieten. In Abh\u00e4ngigkeit von den spezifischen Anforderungen Ihrer Waren bieten wir Ihnen individuelle Lagerl\u00f6sungen.<br \/>\nHierbei agieren wir als zentrales Steuerungselement, das die Planung, Organisation und \u00dcberwachung der Lagerung Ihrer Waren koordiniert und kontrolliert.<\/p>\n<p>Gerne erarbeiten wir ein f\u00fcr Sie und speziell auf Ihre sensiblen Waren zugeschnittenes Logistikkonzept.<br \/>\nSprechen Sie uns an! Wir freuen uns auf Ihre Anfragen!<\/p> ","protected":false},"excerpt":{"rendered":"<p>Warehousing Neben unserem Kerngesch\u00e4ft, der Distribution von Markenprodukten, bieten wir unseren Kunden zus\u00e4tzliche Serviceleistungen im Bereich der Lagerhaltung an. Durch die zahlreichen und optimal ausgestatteten Logistikstandorte unserer Gesellschafter sind wir in der<a class=\"moretag\" href=\"https:\/\/brandlog.eu\/de\/warehousing\">Read More&#8230;<\/a><\/p>\n","protected":false},"author":1,"featured_media":0,"parent":0,"menu_order":0,"comment_status":"closed","ping_status":"closed","template":"","meta":{"footnotes":""},"class_list":["post-160","page","type-page","status-publish","hentry"],"_links":{"self":[{"href":"https:\/\/brandlog.eu\/de\/wp-json\/wp\/v2\/pages\/160","targetHints":{"allow":["GET"]}}],"collection":[{"href":"https:\/\/brandlog.eu\/de\/wp-json\/wp\/v2\/pages"}],"about":[{"href":"https:\/\/brandlog.eu\/de\/wp-json\/wp\/v2\/types\/page"}],"author":[{"embeddable":true,"href":"https:\/\/brandlog.eu\/de\/wp-json\/wp\/v2\/users\/1"}],"replies":[{"embeddable":true,"href":"https:\/\/brandlog.eu\/de\/wp-json\/wp\/v2\/comments?post=160"}],"version-history":[{"count":2,"href":"https:\/\/brandlog.eu\/de\/wp-json\/wp\/v2\/pages\/160\/revisions"}],"predecessor-version":[{"id":162,"href":"https:\/\/brandlog.eu\/de\/wp-json\/wp\/v2\/pages\/160\/revisions\/162"}],"wp:attachment":[{"href":"https:\/\/brandlog.eu\/de\/wp-json\/wp\/v2\/media?parent=160"}],"curies":[{"name":"wp","href":"https:\/\/api.w.org\/{rel}","templated":true}]}}