{"id":151,"date":"2017-03-27T18:32:46","date_gmt":"2017-03-27T18:32:46","guid":{"rendered":"http:\/\/brandlog.eu\/?page_id=151"},"modified":"2017-03-27T18:35:28","modified_gmt":"2017-03-27T18:35:28","slug":"brandlog-cool-line","status":"publish","type":"page","link":"https:\/\/brandlog.eu\/de\/brandlog-cool-line","title":{"rendered":"BRANDLOG \u2013 cool-line"},"content":{"rendered":"<p><span style=\"color: #ff0000;\"><strong>BRANDLOG \u2013 cool-line<\/strong><\/span><\/p>\n<p>K\u00fchllogistik auf hohem Niveau!<\/p>\n<p>In unserer \u201ecool-line\u201c geht es richtig kalt zu. Alle Lebensmittel, die es extrem k\u00fchl m\u00f6gen, liefern wir mit bis zu -25\u00b0 Celsius an.<\/p>\n<p>Mit einem modernen IT-System stellen wir sicher, dass Ihre Markenartikel einwandfrei ans Ziel gelangen.<br \/>\nDie Einhaltung von K\u00fchlketten und Hygienevorschriften erfordern ein streng proaktives Qualit\u00e4tsmanagement. Wir sorgen f\u00fcr maximale Sicherheit und Individualit\u00e4t und richten daher unsere K\u00fchlfahrzeuge speziell auf Ihre W\u00fcnsche ein. Zus\u00e4tzliche Ausstattungen wie Mehrkammersysteme und Doppelstockverladungen stellen f\u00fcr uns keine Herausforderung dar.<\/p>\n<p>Durch den Einsatz von geschultem Personal, einem hochwertigen Fuhrpark und durch st\u00e4ndige Kontrollen garantieren wir den termingerechten Warentransport.<\/p> ","protected":false},"excerpt":{"rendered":"<p>BRANDLOG \u2013 cool-line K\u00fchllogistik auf hohem Niveau! In unserer \u201ecool-line\u201c geht es richtig kalt zu. Alle Lebensmittel, die es extrem k\u00fchl m\u00f6gen, liefern wir mit bis zu -25\u00b0 Celsius an. Mit einem<a class=\"moretag\" href=\"https:\/\/brandlog.eu\/de\/brandlog-cool-line\">Read More&#8230;<\/a><\/p>\n","protected":false},"author":1,"featured_media":0,"parent":0,"menu_order":0,"comment_status":"closed","ping_status":"closed","template":"","meta":{"footnotes":""},"class_list":["post-151","page","type-page","status-publish","hentry"],"_links":{"self":[{"href":"https:\/\/brandlog.eu\/de\/wp-json\/wp\/v2\/pages\/151","targetHints":{"allow":["GET"]}}],"collection":[{"href":"https:\/\/brandlog.eu\/de\/wp-json\/wp\/v2\/pages"}],"about":[{"href":"https:\/\/brandlog.eu\/de\/wp-json\/wp\/v2\/types\/page"}],"author":[{"embeddable":true,"href":"https:\/\/brandlog.eu\/de\/wp-json\/wp\/v2\/users\/1"}],"replies":[{"embeddable":true,"href":"https:\/\/brandlog.eu\/de\/wp-json\/wp\/v2\/comments?post=151"}],"version-history":[{"count":3,"href":"https:\/\/brandlog.eu\/de\/wp-json\/wp\/v2\/pages\/151\/revisions"}],"predecessor-version":[{"id":436,"href":"https:\/\/brandlog.eu\/de\/wp-json\/wp\/v2\/pages\/151\/revisions\/436"}],"wp:attachment":[{"href":"https:\/\/brandlog.eu\/de\/wp-json\/wp\/v2\/media?parent=151"}],"curies":[{"name":"wp","href":"https:\/\/api.w.org\/{rel}","templated":true}]}}