{"id":147,"date":"2017-03-27T18:10:08","date_gmt":"2017-03-27T18:10:08","guid":{"rendered":"http:\/\/brandlog.eu\/?page_id=147"},"modified":"2017-03-27T18:12:07","modified_gmt":"2017-03-27T18:12:07","slug":"brandlog-fresh-line","status":"publish","type":"page","link":"https:\/\/brandlog.eu\/de\/brandlog-fresh-line","title":{"rendered":"BRANDLOG \u2013 fresh-line"},"content":{"rendered":"<p><strong><span style=\"color: #ff0000;\">BRANDLOG \u2013 fresh-line<\/span><\/strong><\/p>\n<p>Frischelogistik auf hohem Niveau!<\/p>\n<p>Mit unserer \u201efresh-line\u201c transportieren wir Lebensmittel, die es frisch m\u00f6gen aber keinen Frost vertragen. Wir stellen sicher, dass die K\u00fchlkette bei leicht verderblichen und beschr\u00e4nkt haltbaren Lebensmitteln (Molkereiprodukte, Fleisch- und Wurstwaren) nicht unterbrochen wird. Durch kontinuierliche Kontrollen w\u00e4hrend des gesamten Transportverlaufs k\u00f6nnen wir gew\u00e4hrleisten, dass Ihre Markenartikel im Frischebereich immer mit der richtigen Temperatur ihr Ziel erreichen.<\/p> ","protected":false},"excerpt":{"rendered":"<p>BRANDLOG \u2013 fresh-line Frischelogistik auf hohem Niveau! Mit unserer \u201efresh-line\u201c transportieren wir Lebensmittel, die es frisch m\u00f6gen aber keinen Frost vertragen. Wir stellen sicher, dass die K\u00fchlkette bei leicht verderblichen und beschr\u00e4nkt<a class=\"moretag\" href=\"https:\/\/brandlog.eu\/de\/brandlog-fresh-line\">Read More&#8230;<\/a><\/p>\n","protected":false},"author":1,"featured_media":0,"parent":0,"menu_order":0,"comment_status":"closed","ping_status":"closed","template":"","meta":{"footnotes":""},"class_list":["post-147","page","type-page","status-publish","hentry"],"_links":{"self":[{"href":"https:\/\/brandlog.eu\/de\/wp-json\/wp\/v2\/pages\/147","targetHints":{"allow":["GET"]}}],"collection":[{"href":"https:\/\/brandlog.eu\/de\/wp-json\/wp\/v2\/pages"}],"about":[{"href":"https:\/\/brandlog.eu\/de\/wp-json\/wp\/v2\/types\/page"}],"author":[{"embeddable":true,"href":"https:\/\/brandlog.eu\/de\/wp-json\/wp\/v2\/users\/1"}],"replies":[{"embeddable":true,"href":"https:\/\/brandlog.eu\/de\/wp-json\/wp\/v2\/comments?post=147"}],"version-history":[{"count":2,"href":"https:\/\/brandlog.eu\/de\/wp-json\/wp\/v2\/pages\/147\/revisions"}],"predecessor-version":[{"id":149,"href":"https:\/\/brandlog.eu\/de\/wp-json\/wp\/v2\/pages\/147\/revisions\/149"}],"wp:attachment":[{"href":"https:\/\/brandlog.eu\/de\/wp-json\/wp\/v2\/media?parent=147"}],"curies":[{"name":"wp","href":"https:\/\/api.w.org\/{rel}","templated":true}]}}