{"id":142,"date":"2017-03-27T18:00:17","date_gmt":"2017-03-27T18:00:17","guid":{"rendered":"http:\/\/brandlog.eu\/?page_id=142"},"modified":"2017-03-27T18:05:40","modified_gmt":"2017-03-27T18:05:40","slug":"brandlog-line","status":"publish","type":"page","link":"https:\/\/brandlog.eu\/de\/brandlog-line","title":{"rendered":"BRANDLOG \u2013 line"},"content":{"rendered":"<p><span style=\"color: #ff0000;\"><strong>BRANDLOG \u2013 line<\/strong><\/span><\/p>\n<p>Rundum Markenqualit\u00e4t!<\/p>\n<p>Bei unserem Produkt BRANDLOG \u2013 line k\u00f6nnen Sie sich auf ein fachgerechtes Handling Ihrer Produkte verlassen. F\u00fcr Sie steuern wir die gesamte Lieferkette Ihrer Markenartikel: von der Produktionsst\u00e4tte bis hin zur optimalen Positionierung am Point of Sale.<\/p>\n<p>Bei BRANDLOG verf\u00fcgen wir \u00fcber professionelles Know-how f\u00fcr den Umgang mit Konsumg\u00fctern. Dabei kennen wir uns gleicherma\u00dfen mit den Transporten von empfindlichen Lebensmitteln im Trockensortiment sowie mit Non-Food-Produkten aus. Von der Beschaffung \u00fcber das Palettenmanagement bis hin zur Steuerung und Durchf\u00fchrung von Retouren \u00fcbernehmen wir f\u00fcr Sie die komplette logistische Betreuung Ihrer sensiblen Waren.<\/p>\n<p>Nat\u00fcrlich setzen wir an jedem Punkt der Transportkette erfahrene Profis ein. Die Disponenten und Fahrer der beteiligten Logistikunternehmen verf\u00fcgen \u00fcber so viel Erfahrung, dass Sie Ihre wertvollen Markenartikel jederzeit in den besten H\u00e4nden wissen k\u00f6nnen<\/p> ","protected":false},"excerpt":{"rendered":"<p>BRANDLOG \u2013 line Rundum Markenqualit\u00e4t! Bei unserem Produkt BRANDLOG \u2013 line k\u00f6nnen Sie sich auf ein fachgerechtes Handling Ihrer Produkte verlassen. F\u00fcr Sie steuern wir die gesamte Lieferkette Ihrer Markenartikel: von der<a class=\"moretag\" href=\"https:\/\/brandlog.eu\/de\/brandlog-line\">Read More&#8230;<\/a><\/p>\n","protected":false},"author":1,"featured_media":0,"parent":0,"menu_order":0,"comment_status":"closed","ping_status":"closed","template":"","meta":{"footnotes":""},"class_list":["post-142","page","type-page","status-publish","hentry"],"_links":{"self":[{"href":"https:\/\/brandlog.eu\/de\/wp-json\/wp\/v2\/pages\/142","targetHints":{"allow":["GET"]}}],"collection":[{"href":"https:\/\/brandlog.eu\/de\/wp-json\/wp\/v2\/pages"}],"about":[{"href":"https:\/\/brandlog.eu\/de\/wp-json\/wp\/v2\/types\/page"}],"author":[{"embeddable":true,"href":"https:\/\/brandlog.eu\/de\/wp-json\/wp\/v2\/users\/1"}],"replies":[{"embeddable":true,"href":"https:\/\/brandlog.eu\/de\/wp-json\/wp\/v2\/comments?post=142"}],"version-history":[{"count":3,"href":"https:\/\/brandlog.eu\/de\/wp-json\/wp\/v2\/pages\/142\/revisions"}],"predecessor-version":[{"id":145,"href":"https:\/\/brandlog.eu\/de\/wp-json\/wp\/v2\/pages\/142\/revisions\/145"}],"wp:attachment":[{"href":"https:\/\/brandlog.eu\/de\/wp-json\/wp\/v2\/media?parent=142"}],"curies":[{"name":"wp","href":"https:\/\/api.w.org\/{rel}","templated":true}]}}