{"id":11,"date":"2017-03-12T08:55:39","date_gmt":"2017-03-12T08:55:39","guid":{"rendered":"http:\/\/brandlog.eu\/?page_id=11"},"modified":"2017-04-11T10:09:49","modified_gmt":"2017-04-11T10:09:49","slug":"markenlogistik","status":"publish","type":"page","link":"https:\/\/brandlog.eu\/de\/markenlogistik","title":{"rendered":"MARKENLOGISTIK"},"content":{"rendered":"<p><strong><span style=\"color: #ff0000;\">Markenlogistik<\/span><\/strong><\/p>\n<p>F\u00fcr die logistische Betreuung und Abwicklung von Markenprodukten ist ein besonderes Know-how gefordert. Logistische Qualit\u00e4t und Leistung auf hohem Niveau sowie ein ausgewogenes Ma\u00df an Standardisierung in der logistischen Abwicklung sind die Voraussetzung f\u00fcr eine erfolgreiche Markenlogistik.<\/p>\n<p>BRANDLOG bietet Ihnen ma\u00dfgeschneiderte Logistikkonzepte und \u00fcbernimmt f\u00fcr Sie die komplette Distribution Ihrer Markenprodukte im Teil- und Komplettladungsbereich, damit Ihre Waren immer zur richtigen Zeit am richtigen Ort verf\u00fcgbar sind.<\/p>\n<p>Alle Gesellschafter von BRANDLOG arbeiten seit \u00fcber 30 Jahren erfolgreich f\u00fcr unterschiedliche Hersteller von Marken- und Konsumg\u00fcterartikeln und bringen daher ein gro\u00dfes Ma\u00df an Erfahrung f\u00fcr die Komplexit\u00e4t des Landungsmarktes mit.<\/p>\n<p>Diesen Leistungsstandard kann BRANDLOG seinen Kunden garantieren, da die beteiligten Gesellschafter auf einen umfangreichen eigenen Fuhrpark zur\u00fcckgreifen k\u00f6nnen. So k\u00f6nnen wir auch bei saisonalen Engp\u00e4ssen die zugesagten Transportkapazit\u00e4ten m\u00fchelos gew\u00e4hrleisten.<\/p>\n<p>BRANDLOG: Ihre Markenartikel in den richtigen H\u00e4nden!<\/p> ","protected":false},"excerpt":{"rendered":"<p>Markenlogistik F\u00fcr die logistische Betreuung und Abwicklung von Markenprodukten ist ein besonderes Know-how gefordert. Logistische Qualit\u00e4t und Leistung auf hohem Niveau sowie ein ausgewogenes Ma\u00df an Standardisierung in der logistischen Abwicklung sind<a class=\"moretag\" href=\"https:\/\/brandlog.eu\/de\/markenlogistik\">Read More&#8230;<\/a><\/p>\n","protected":false},"author":1,"featured_media":0,"parent":0,"menu_order":1,"comment_status":"closed","ping_status":"closed","template":"","meta":{"footnotes":""},"class_list":["post-11","page","type-page","status-publish","hentry"],"_links":{"self":[{"href":"https:\/\/brandlog.eu\/de\/wp-json\/wp\/v2\/pages\/11","targetHints":{"allow":["GET"]}}],"collection":[{"href":"https:\/\/brandlog.eu\/de\/wp-json\/wp\/v2\/pages"}],"about":[{"href":"https:\/\/brandlog.eu\/de\/wp-json\/wp\/v2\/types\/page"}],"author":[{"embeddable":true,"href":"https:\/\/brandlog.eu\/de\/wp-json\/wp\/v2\/users\/1"}],"replies":[{"embeddable":true,"href":"https:\/\/brandlog.eu\/de\/wp-json\/wp\/v2\/comments?post=11"}],"version-history":[{"count":9,"href":"https:\/\/brandlog.eu\/de\/wp-json\/wp\/v2\/pages\/11\/revisions"}],"predecessor-version":[{"id":278,"href":"https:\/\/brandlog.eu\/de\/wp-json\/wp\/v2\/pages\/11\/revisions\/278"}],"wp:attachment":[{"href":"https:\/\/brandlog.eu\/de\/wp-json\/wp\/v2\/media?parent=11"}],"curies":[{"name":"wp","href":"https:\/\/api.w.org\/{rel}","templated":true}]}}